{"id":128,"date":"2017-06-14T10:29:47","date_gmt":"2017-06-14T10:29:47","guid":{"rendered":"http:\/\/themes.getmotopress.com\/villagio\/?page_id=128"},"modified":"2021-05-03T18:04:01","modified_gmt":"2021-05-03T15:04:01","slug":"sightseeing-naples-tour-for-families","status":"publish","type":"page","link":"https:\/\/www.ayakligol.com\/en-gb\/activities\/sightseeing-naples-tour-for-families\/","title":{"rendered":"Plaj Keyfi"},"content":{"rendered":"<p>B\u00f6lgemizde Ekincik, \u0130ztuzu, Karg\u0131cak, Ak\u00e7abal\u0131k, \u0130nard\u0131, \u015eeytanc\u0131k, A\u015f\u0131, Sar\u0131germe, Dalaman, Kayac\u0131k, Alayurt, Lakoz, G\u00f6kgemile, A\u011fa liman\u0131, G\u00f6b\u00fcn, Merdivenli, Yavansu, Kur\u015funlu, Kuyrucak, Hamam, Sarsala, Ta\u015fyaka, Kille, Selmin, Osmana\u011fa, \u0130nlice, Te\u011fnelli, Karakum, \u00c7\u0131\u011fl\u0131k, G\u00fcnl\u00fckl\u00fc plajlar\u0131nda \u00f6zledi\u011finiz denizin keyfini \u00e7\u0131karabilirsiniz.&nbsp; <!--more--><\/p>\n<p>Bu aktiveye kat\u0131lmak isterseniz, plajlara ili\u015fkin Ayakl\u0131 G\u00f6l Evleri\u2019nden bilgi alabilirsiniz<\/p>\n","protected":false},"excerpt":{"rendered":"<p>B\u00f6lgemizde Ekincik, \u0130ztuzu, Karg\u0131cak, Ak\u00e7abal\u0131k, \u0130nard\u0131, \u015eeytanc\u0131k, A\u015f\u0131, Sar\u0131germe, Dalaman, Kayac\u0131k, Alayurt, Lakoz, G\u00f6kgemile, A\u011fa liman\u0131, G\u00f6b\u00fcn, Merdivenli, Yavansu, Kur\u015funlu, Kuyrucak, Hamam, Sarsala, Ta\u015fyaka, Kille, Selmin, Osmana\u011fa, \u0130nlice, Te\u011fnelli, Karakum, \u00c7\u0131\u011fl\u0131k, G\u00fcnl\u00fckl\u00fc plajlar\u0131nda \u00f6zledi\u011finiz denizin keyfini \u00e7\u0131karabilirsiniz.&nbsp;<\/p>\n","protected":false},"author":1,"featured_media":329,"parent":123,"menu_order":0,"comment_status":"closed","ping_status":"closed","template":"","meta":[],"amp_enabled":true,"_links":{"self":[{"href":"https:\/\/www.ayakligol.com\/en-gb\/wp-json\/wp\/v2\/pages\/128"}],"collection":[{"href":"https:\/\/www.ayakligol.com\/en-gb\/wp-json\/wp\/v2\/pages"}],"about":[{"href":"https:\/\/www.ayakligol.com\/en-gb\/wp-json\/wp\/v2\/types\/page"}],"author":[{"embeddable":true,"href":"https:\/\/www.ayakligol.com\/en-gb\/wp-json\/wp\/v2\/users\/1"}],"replies":[{"embeddable":true,"href":"https:\/\/www.ayakligol.com\/en-gb\/wp-json\/wp\/v2\/comments?post=128"}],"version-history":[{"count":0,"href":"https:\/\/www.ayakligol.com\/en-gb\/wp-json\/wp\/v2\/pages\/128\/revisions"}],"up":[{"embeddable":true,"href":"https:\/\/www.ayakligol.com\/en-gb\/wp-json\/wp\/v2\/pages\/123"}],"wp:featuredmedia":[{"embeddable":true,"href":"https:\/\/www.ayakligol.com\/en-gb\/wp-json\/wp\/v2\/media\/329"}],"wp:attachment":[{"href":"https:\/\/www.ayakligol.com\/en-gb\/wp-json\/wp\/v2\/media?parent=128"}],"curies":[{"name":"wp","href":"https:\/\/api.w.org\/{rel}","templated":true}]}}