{"id":133,"date":"2017-06-14T10:57:27","date_gmt":"2017-06-14T10:57:27","guid":{"rendered":"http:\/\/themes.getmotopress.com\/villagio\/?page_id=133"},"modified":"2021-05-03T18:12:06","modified_gmt":"2021-05-03T15:12:06","slug":"yamac-parasutu-paragliding","status":"publish","type":"page","link":"https:\/\/www.ayakligol.com\/en-gb\/activities\/yamac-parasutu-paragliding\/","title":{"rendered":"Yama\u00e7 Para\u015f\u00fct\u00fc (Paragliding)"},"content":{"rendered":"<p>Fethiye Baba Da\u011f\u0131 1960 metreden 30 dakika s\u00fcren e\u015fi benzeri olmayan bir deneyim ya\u015fayabilir, unutamayaca\u011f\u0131n\u0131z performans foto\u011fraflar\u0131n\u0131 alabilirsiniz.&nbsp;<\/p>\n<p><!--more--><\/p>\n\n\n<p>Bu aktiveye kat\u0131lmak isterseniz, Ayakl\u0131 G\u00f6l Evleri&#8217;nden bilgi alabilirsiniz<\/p>\n","protected":false},"excerpt":{"rendered":"<p>Fethiye Baba Da\u011f\u0131 1960 metreden 30 dakika s\u00fcren e\u015fi benzeri olmayan bir deneyim ya\u015fayabilir, unutamayaca\u011f\u0131n\u0131z performans foto\u011fraflar\u0131n\u0131 alabilirsiniz.&nbsp;<\/p>\n","protected":false},"author":1,"featured_media":322,"parent":123,"menu_order":1,"comment_status":"closed","ping_status":"closed","template":"","meta":[],"amp_enabled":true,"_links":{"self":[{"href":"https:\/\/www.ayakligol.com\/en-gb\/wp-json\/wp\/v2\/pages\/133"}],"collection":[{"href":"https:\/\/www.ayakligol.com\/en-gb\/wp-json\/wp\/v2\/pages"}],"about":[{"href":"https:\/\/www.ayakligol.com\/en-gb\/wp-json\/wp\/v2\/types\/page"}],"author":[{"embeddable":true,"href":"https:\/\/www.ayakligol.com\/en-gb\/wp-json\/wp\/v2\/users\/1"}],"replies":[{"embeddable":true,"href":"https:\/\/www.ayakligol.com\/en-gb\/wp-json\/wp\/v2\/comments?post=133"}],"version-history":[{"count":0,"href":"https:\/\/www.ayakligol.com\/en-gb\/wp-json\/wp\/v2\/pages\/133\/revisions"}],"up":[{"embeddable":true,"href":"https:\/\/www.ayakligol.com\/en-gb\/wp-json\/wp\/v2\/pages\/123"}],"wp:featuredmedia":[{"embeddable":true,"href":"https:\/\/www.ayakligol.com\/en-gb\/wp-json\/wp\/v2\/media\/322"}],"wp:attachment":[{"href":"https:\/\/www.ayakligol.com\/en-gb\/wp-json\/wp\/v2\/media?parent=133"}],"curies":[{"name":"wp","href":"https:\/\/api.w.org\/{rel}","templated":true}]}}