{"id":135,"date":"2017-06-14T11:05:39","date_gmt":"2017-06-14T11:05:39","guid":{"rendered":"http:\/\/themes.getmotopress.com\/villagio\/?page_id=135"},"modified":"2021-05-03T18:09:32","modified_gmt":"2021-05-03T15:09:32","slug":"learn-history-half-day-trip-to-pompeii","status":"publish","type":"page","link":"https:\/\/www.ayakligol.com\/en-gb\/activities\/learn-history-half-day-trip-to-pompeii\/","title":{"rendered":"Dal\u0131\u015f (Scubadive)"},"content":{"rendered":"<p>Fethiye koylar\u0131nda veya Dalyan\u2019da tam g\u00fcn s\u00fcren, fantastik bir sualt\u0131 maceras\u0131 ya\u015fayabilir, etkileyici ve unutamayaca\u011f\u0131n\u0131z bir tecr\u00fcbe ya\u015fayabilirsiniz.<!--more--><\/p>\n<p>Bu aktiveye kat\u0131lmak isterseniz, plajlara ili\u015fkin Ayakl\u0131 G\u00f6l Evleri\u2019nden bilgi alabilirsiniz<\/p>\n","protected":false},"excerpt":{"rendered":"<p>Fethiye koylar\u0131nda veya Dalyan\u2019da tam g\u00fcn s\u00fcren, fantastik bir sualt\u0131 maceras\u0131 ya\u015fayabilir, etkileyici ve unutamayaca\u011f\u0131n\u0131z bir tecr\u00fcbe ya\u015fayabilirsiniz.<\/p>\n","protected":false},"author":1,"featured_media":334,"parent":123,"menu_order":0,"comment_status":"closed","ping_status":"closed","template":"","meta":[],"amp_enabled":true,"_links":{"self":[{"href":"https:\/\/www.ayakligol.com\/en-gb\/wp-json\/wp\/v2\/pages\/135"}],"collection":[{"href":"https:\/\/www.ayakligol.com\/en-gb\/wp-json\/wp\/v2\/pages"}],"about":[{"href":"https:\/\/www.ayakligol.com\/en-gb\/wp-json\/wp\/v2\/types\/page"}],"author":[{"embeddable":true,"href":"https:\/\/www.ayakligol.com\/en-gb\/wp-json\/wp\/v2\/users\/1"}],"replies":[{"embeddable":true,"href":"https:\/\/www.ayakligol.com\/en-gb\/wp-json\/wp\/v2\/comments?post=135"}],"version-history":[{"count":0,"href":"https:\/\/www.ayakligol.com\/en-gb\/wp-json\/wp\/v2\/pages\/135\/revisions"}],"up":[{"embeddable":true,"href":"https:\/\/www.ayakligol.com\/en-gb\/wp-json\/wp\/v2\/pages\/123"}],"wp:featuredmedia":[{"embeddable":true,"href":"https:\/\/www.ayakligol.com\/en-gb\/wp-json\/wp\/v2\/media\/334"}],"wp:attachment":[{"href":"https:\/\/www.ayakligol.com\/en-gb\/wp-json\/wp\/v2\/media?parent=135"}],"curies":[{"name":"wp","href":"https:\/\/api.w.org\/{rel}","templated":true}]}}