{"id":297,"date":"2021-05-03T16:52:00","date_gmt":"2021-05-03T13:52:00","guid":{"rendered":"https:\/\/ayakligol.com\/?page_id=297"},"modified":"2025-01-15T17:36:01","modified_gmt":"2025-01-15T14:36:01","slug":"iletisim","status":"publish","type":"page","link":"https:\/\/www.ayakligol.com\/en-gb\/iletisim\/","title":{"rendered":"Contact"},"content":{"rendered":"\n<p><strong>Address: <\/strong> Yang\u0131 Mahallesi Merkez Sokak No 415, 48800 K\u00f6yce\u011fiz\/Mu\u011fla<br><strong>GSM<\/strong>: 0 535 428 25 55<br><strong>e-mail<\/strong>: <a rel=\"noreferrer noopener\" href=\"mailto:info@ayakligol.com\" target=\"_blank\">info@ayakligol.com<\/a><\/p>\n\n\n\n<div class=\"wp-block-jetpack-contact-info\">\n\n\n<div class=\"wp-block-jetpack-address\"><a href=\"https:\/\/www.google.com\/maps\/search\/Ayakl\u0131+G\u00f6l Evleri,Google Harita Konumu,\" target=\"_blank\" rel=\"noopener noreferrer\" title=\"Adresi Google Haritalar\u2019da a\u00e7\"><div class=\"jetpack-address__address jetpack-address__address1\">Ayakl\u0131 G\u00f6l Evleri<\/div><div class=\"jetpack-address__address jetpack-address__address2\">Google Harita Konumu<\/div><\/a><\/div>\n\n<\/div>\n\n\n\n<p><\/p>\n\n\n\n\n\n\n\n\n\n\n\n<p><\/p>\n","protected":false},"excerpt":{"rendered":"<p>Address: Yang\u0131 Mahallesi Merkez Sokak No 415, 48800 K\u00f6yce\u011fiz\/Mu\u011flaGSM: 0 535 428 25 55e-mail: info@ayakligol.com<\/p>\n","protected":false},"author":1,"featured_media":0,"parent":0,"menu_order":0,"comment_status":"closed","ping_status":"closed","template":"","meta":[],"amp_enabled":true,"_links":{"self":[{"href":"https:\/\/www.ayakligol.com\/en-gb\/wp-json\/wp\/v2\/pages\/297"}],"collection":[{"href":"https:\/\/www.ayakligol.com\/en-gb\/wp-json\/wp\/v2\/pages"}],"about":[{"href":"https:\/\/www.ayakligol.com\/en-gb\/wp-json\/wp\/v2\/types\/page"}],"author":[{"embeddable":true,"href":"https:\/\/www.ayakligol.com\/en-gb\/wp-json\/wp\/v2\/users\/1"}],"replies":[{"embeddable":true,"href":"https:\/\/www.ayakligol.com\/en-gb\/wp-json\/wp\/v2\/comments?post=297"}],"version-history":[{"count":1,"href":"https:\/\/www.ayakligol.com\/en-gb\/wp-json\/wp\/v2\/pages\/297\/revisions"}],"predecessor-version":[{"id":4975,"href":"https:\/\/www.ayakligol.com\/en-gb\/wp-json\/wp\/v2\/pages\/297\/revisions\/4975"}],"wp:attachment":[{"href":"https:\/\/www.ayakligol.com\/en-gb\/wp-json\/wp\/v2\/media?parent=297"}],"curies":[{"name":"wp","href":"https:\/\/api.w.org\/{rel}","templated":true}]}}