{"id":514,"date":"2021-05-04T02:43:25","date_gmt":"2021-05-03T23:43:25","guid":{"rendered":"https:\/\/ayakligol.com\/?page_id=514"},"modified":"2021-05-30T17:08:31","modified_gmt":"2021-05-30T14:08:31","slug":"teknik-destek","status":"publish","type":"page","link":"https:\/\/www.ayakligol.com\/en-gb\/teknik-destek\/","title":{"rendered":"Teknik Destek"},"content":{"rendered":"\n<blockquote class=\"wp-block-quote\"><p>Rezervasyon i\u015flemi s\u0131ras\u0131nda veya daha sonras\u0131n da kar\u015f\u0131la\u015ft\u0131\u011f\u0131n\u0131z her soruna a\u015fa\u011f\u0131daki ileti\u015fim kanallar\u0131n\u0131 kullanarak, \u00e7\u00f6z\u00fcm bulunmas\u0131n\u0131 sa\u011flayabilirsiniz.  <\/p><\/blockquote>\n\n\n\n<p> <strong>Tel:<\/strong> 0538 0440941<br><strong>e-Posta: <\/strong>info@ayakligol.com<\/p>\n\n\n\n<blockquote class=\"wp-block-quote\"><p>Konuk Dan\u0131\u015fman\u0131n\u0131zdan Canl\u0131 Destek Al\u0131n <br><div class=\"nta_wa_button\" data-id=\"559\" data-info=\"{&quot;name&quot;:&quot;Konuk Dan\\u0131\\u015fman\\u0131n\\u0131z&quot;,&quot;info&quot;:{&quot;number&quot;:&quot;905354582555&quot;,&quot;title&quot;:&quot;Konuk Dan\\u0131\\u015fman\\u0131n\\u0131z&quot;,&quot;predefinedText&quot;:&quot;&quot;,&quot;willBeBackText&quot;:&quot;I will be back in [njwa_time_work]&quot;,&quot;dayOffsText&quot;:&quot;I will be back soon&quot;,&quot;isAlwaysAvailable&quot;:&quot;ON&quot;,&quot;daysOfWeekWorking&quot;:{&quot;sunday&quot;:{&quot;isWorkingOnDay&quot;:&quot;OFF&quot;,&quot;workHours&quot;:[{&quot;startTime&quot;:&quot;08:00&quot;,&quot;endTime&quot;:&quot;17:30&quot;}]},&quot;monday&quot;:{&quot;isWorkingOnDay&quot;:&quot;OFF&quot;,&quot;workHours&quot;:[{&quot;startTime&quot;:&quot;08:00&quot;,&quot;endTime&quot;:&quot;17:30&quot;}]},&quot;tuesday&quot;:{&quot;isWorkingOnDay&quot;:&quot;OFF&quot;,&quot;workHours&quot;:[{&quot;startTime&quot;:&quot;08:00&quot;,&quot;endTime&quot;:&quot;17:30&quot;}]},&quot;wednesday&quot;:{&quot;isWorkingOnDay&quot;:&quot;OFF&quot;,&quot;workHours&quot;:[{&quot;startTime&quot;:&quot;08:00&quot;,&quot;endTime&quot;:&quot;17:30&quot;}]},&quot;thursday&quot;:{&quot;isWorkingOnDay&quot;:&quot;OFF&quot;,&quot;workHours&quot;:[{&quot;startTime&quot;:&quot;08:00&quot;,&quot;endTime&quot;:&quot;17:30&quot;}]},&quot;friday&quot;:{&quot;isWorkingOnDay&quot;:&quot;OFF&quot;,&quot;workHours&quot;:[{&quot;startTime&quot;:&quot;08:00&quot;,&quot;endTime&quot;:&quot;17:30&quot;}]},&quot;saturday&quot;:{&quot;isWorkingOnDay&quot;:&quot;OFF&quot;,&quot;workHours&quot;:[{&quot;startTime&quot;:&quot;08:00&quot;,&quot;endTime&quot;:&quot;17:30&quot;}]}}},&quot;styles&quot;:{&quot;type&quot;:&quot;round&quot;,&quot;backgroundColor&quot;:&quot;#2DB742&quot;,&quot;textColor&quot;:&quot;#fff&quot;,&quot;label&quot;:&quot;Rezervasyon Yard\\u0131m Hatt\\u0131&quot;,&quot;width&quot;:300,&quot;height&quot;:64},&quot;avatar&quot;:false,&quot;options&quot;:{&quot;display&quot;:{&quot;displayCondition&quot;:&quot;includePages&quot;,&quot;includePages&quot;:[&quot;139&quot;,&quot;140&quot;,&quot;215&quot;,&quot;216&quot;,&quot;47&quot;,&quot;49&quot;,&quot;55&quot;,&quot;119&quot;,&quot;123&quot;,&quot;128&quot;,&quot;133&quot;,&quot;135&quot;,&quot;240&quot;,&quot;242&quot;,&quot;3&quot;,&quot;5&quot;,&quot;6&quot;,&quot;7&quot;,&quot;8&quot;,&quot;244&quot;,&quot;297&quot;,&quot;514&quot;,&quot;538&quot;,&quot;546&quot;,&quot;551&quot;,&quot;561&quot;,&quot;566&quot;,&quot;580&quot;,&quot;603&quot;,&quot;615&quot;,&quot;636&quot;,&quot;763&quot;],&quot;excludePages&quot;:[&quot;139&quot;,&quot;140&quot;,&quot;215&quot;,&quot;216&quot;,&quot;47&quot;,&quot;49&quot;,&quot;55&quot;,&quot;119&quot;,&quot;123&quot;,&quot;128&quot;,&quot;133&quot;,&quot;135&quot;,&quot;240&quot;,&quot;242&quot;,&quot;3&quot;,&quot;5&quot;,&quot;6&quot;,&quot;7&quot;,&quot;8&quot;,&quot;244&quot;,&quot;297&quot;,&quot;514&quot;,&quot;538&quot;,&quot;546&quot;,&quot;551&quot;],&quot;includePosts&quot;:[],&quot;showOnDesktop&quot;:&quot;ON&quot;,&quot;showOnMobile&quot;:&quot;ON&quot;,&quot;time_symbols&quot;:&quot;h:m&quot;},&quot;styles&quot;:{&quot;title&quot;:&quot;Destek Hatt\\u0131&quot;,&quot;responseText&quot;:&quot;&lt;ol&gt;\\r\\n \\t&lt;li&gt;Genelde bir ka\\u00e7 dakika i\\u00e7inde yan\\u0131t alabilirsiniz.&lt;\\\/li&gt;\\r\\n&lt;\\\/ol&gt;&quot;,&quot;description&quot;:&quot;&lt;ul&gt;\\r\\n \\t&lt;li&gt;Konuk dan\\u0131\\u015fman\\u0131m\\u0131zla &lt;strong&gt;WhatsApp &lt;\\\/strong&gt;g\\u00f6r\\u00fc\\u015fmesi yapabilirisiniz.&lt;\\\/li&gt;\\r\\n&lt;\\\/ul&gt;&quot;,&quot;backgroundColor&quot;:&quot;#2db742&quot;,&quot;textColor&quot;:&quot;#81d742&quot;,&quot;scrollHeight&quot;:&quot;500&quot;,&quot;isShowScroll&quot;:&quot;OFF&quot;,&quot;isShowResponseText&quot;:&quot;OFF&quot;,&quot;isShowPoweredBy&quot;:&quot;ON&quot;,&quot;btnLabel&quot;:&quot;&lt;strong&gt;Rezervasyonunuzu birlikte olu\\u015fturabiliriz? &lt;\\\/strong&gt;&quot;,&quot;btnLabelWidth&quot;:&quot;132&quot;,&quot;btnPosition&quot;:&quot;right&quot;,&quot;btnLeftDistance&quot;:&quot;30&quot;,&quot;btnRightDistance&quot;:&quot;19&quot;,&quot;btnBottomDistance&quot;:&quot;41&quot;,&quot;isShowBtnLabel&quot;:&quot;ON&quot;,&quot;isShowGDPR&quot;:&quot;OFF&quot;,&quot;gdprContent&quot;:&quot;Please accept our &lt;a href=\\&quot;https:\\\/\\\/ninjateam.org\\\/privacy-policy\\\/\\&quot;&gt;privacy policy&lt;\\\/a&gt; first to start a conversation.&quot;},&quot;analytics&quot;:{&quot;enabledGoogle&quot;:&quot;OFF&quot;,&quot;enabledFacebook&quot;:&quot;OFF&quot;,&quot;enabledGoogleGA4&quot;:&quot;OFF&quot;}},&quot;gdprStatus&quot;:false,&quot;defaultAvatar&quot;:&quot;https:\\\/\\\/www.ayakligol.com\\\/wp-content\\\/plugins\\\/wp-whatsapp\\\/assets\\\/img\\\/whatsapp_logo.svg&quot;}\"><\/div><\/p><\/blockquote>\n\n\n\n<p><\/p>\n","protected":false},"excerpt":{"rendered":"<p>Rezervasyon i\u015flemi s\u0131ras\u0131nda veya daha sonras\u0131n da kar\u015f\u0131la\u015ft\u0131\u011f\u0131n\u0131z her soruna a\u015fa\u011f\u0131daki ileti\u015fim kanallar\u0131n\u0131 kullanarak, \u00e7\u00f6z\u00fcm bulunmas\u0131n\u0131 sa\u011flayabilirsiniz. Tel: 0538 0440941e-Posta: info@ayakligol.com Konuk Dan\u0131\u015fman\u0131n\u0131zdan Canl\u0131 Destek Al\u0131n<\/p>\n","protected":false},"author":1,"featured_media":0,"parent":0,"menu_order":0,"comment_status":"closed","ping_status":"closed","template":"","meta":[],"amp_enabled":true,"_links":{"self":[{"href":"https:\/\/www.ayakligol.com\/en-gb\/wp-json\/wp\/v2\/pages\/514"}],"collection":[{"href":"https:\/\/www.ayakligol.com\/en-gb\/wp-json\/wp\/v2\/pages"}],"about":[{"href":"https:\/\/www.ayakligol.com\/en-gb\/wp-json\/wp\/v2\/types\/page"}],"author":[{"embeddable":true,"href":"https:\/\/www.ayakligol.com\/en-gb\/wp-json\/wp\/v2\/users\/1"}],"replies":[{"embeddable":true,"href":"https:\/\/www.ayakligol.com\/en-gb\/wp-json\/wp\/v2\/comments?post=514"}],"version-history":[{"count":0,"href":"https:\/\/www.ayakligol.com\/en-gb\/wp-json\/wp\/v2\/pages\/514\/revisions"}],"wp:attachment":[{"href":"https:\/\/www.ayakligol.com\/en-gb\/wp-json\/wp\/v2\/media?parent=514"}],"curies":[{"name":"wp","href":"https:\/\/api.w.org\/{rel}","templated":true}]}}