{"id":538,"date":"2021-05-04T18:12:17","date_gmt":"2021-05-04T15:12:17","guid":{"rendered":"https:\/\/ayakligol.com\/?page_id=538"},"modified":"2025-01-15T17:36:56","modified_gmt":"2025-01-15T14:36:56","slug":"sozlesme-sartlari","status":"publish","type":"page","link":"https:\/\/www.ayakligol.com\/en-gb\/sozlesme-sartlari\/","title":{"rendered":"Contract Terms"},"content":{"rendered":"\n<p><strong>TURKISH<\/strong> <br><br><strong>\u00d6N B\u0130LG\u0130LEND\u0130RME FORMU<\/strong><\/p>\n\n\n\n<ol><li><strong>TARAFLAR<\/strong><\/li><\/ol>\n\n\n\n<p><strong>1.1. ACENTE \u00d6ZAY TUR\u0130ZM EMLAK \u0130N\u015eAAT VE T\u0130C. LTD.\u015eT\u0130.<\/strong><br><strong>Adres:<\/strong> Ulucami mh. Emeksiz cad. no:8 K\u00f6yce\u011fiz\/MU\u011eLA<br><strong>Tel:<\/strong> 0 (530) 242 90 83<br><strong>e-Posta: <\/strong>info@ayakligol.com<br><strong>Mersis No:<\/strong> 631 065 1523<br><strong>T\u00dcRSAB A S\u0131n\u0131f\u0131 Acente Belge No: 3<\/strong>968<br><br><strong>1.2. <\/strong>M\u00dc\u015eTER\u0130 Kimlik bilgileri ilgili web sayfas\u0131ndan online doldurularak bilgilerin do\u011frulu\u011fu beyan ve taahh\u00fct edilmi\u015f olan ki\u015fi<\/p>\n\n\n\n<p><strong>1.3.<\/strong> Mesafeli Hizmet Sat\u0131\u015f S\u00f6zle\u015fmesinde imzas\u0131 bulunmayan ancak s\u00f6zle\u015fmeye konu hizmete kat\u0131lan M\u00fc\u015fteri(ler), kendi ad\u0131na kay\u0131t yapt\u0131rmakla g\u00f6revlendirdikleri M\u00fc\u015fteri(ler)nin bu s\u00f6zle\u015fmeyi okuyup imzalamas\u0131 ile s\u00f6zle\u015fme h\u00fck\u00fcmlerini kabul ve taahh\u00fct etmi\u015f say\u0131lacak olup \u00d6n Bilgilendirme Formunu da okumu\u015f\/imzalam\u0131\u015f say\u0131lacakt\u0131r.<\/p>\n\n\n\n<ol start=\"2\"><li><strong>KONU<\/strong><\/li><\/ol>\n\n\n\n<p><strong>2.1<\/strong>. \u0130\u015fbu s\u00f6zle\u015fmenin konusu, Acente\u2019nin M\u00fc\u015fteri&#8217;ye www.ayakligol.com adl\u0131 kendisine ait internet sitesinden elektronik ortamda sat\u0131\u015f\u0131n\u0131 yapt\u0131\u011f\u0131, M\u00fc\u015fteri&#8217;nin belirtilen nitelikleri ve fiyat\u0131n\u0131 okuyup i\u015faretleyerek onaylad\u0131\u011f\u0131 hizmetin ifa ve \u00f6deme \u015fekli ile ilgili olarak taraflar\u0131n hak ve y\u00fck\u00fcml\u00fcl\u00fcklerini kapsamaktad\u0131r.<\/p>\n\n\n\n<p><strong>2.2. <\/strong>S\u00f6zle\u015fme konusu hizmet, M\u00fc\u015fteri\u2019nin nitelikleri ve sat\u0131\u015f fiyat\u0131n\u0131 okuyup i\u015faretleyerek onaylad\u0131\u011f\u0131 ta\u015f\u0131nmazda tatil yapmas\u0131na olanak sa\u011flayan konaklama hizmetidir. \u0130\u015fbu hizmetin kapsam\u0131, nitelikleri, sat\u0131\u015f fiyat\u0131 ve \u00f6deme \u015fekli ile ifaya ili\u015fkin t\u00fcm \u00f6n bilgileri okuyup bilgi sahibi oldu\u011funu ve elektronik ortamda gerekli teyidi verdi\u011fini beyan eder. (Konaklama hizmetine konu edilen ta\u015f\u0131nmaz, bundan sonra k\u0131saca \u201cEv\u201d olarak an\u0131lacakt\u0131r.)<\/p>\n\n\n\n<p><strong>2.3.<\/strong> M\u00fc\u015fteri, sitede i\u015faretlenerek belirtilen tarihler aras\u0131nda ve i\u015faretlenerek belirtilen Ev\u2019de konaklama yapacakt\u0131r.<\/p>\n\n\n\n<ol start=\"3\"><li><strong>\u00d6DEME VE \u015eEKL\u0130<\/strong><\/li><\/ol>\n\n\n\n<p>3.1. M\u00fc\u015fteri&#8217;nin, www.ayakligol.com adl\u0131 sitede sunulu olup da g\u00f6rsellerini ve t\u00fcm detay bilgilerini inceleyip okumas\u0131na imkan bulabilece\u011fi Ev\u2019in belirtilen fiyatlar\u0131 \u00fczerinden tarih aral\u0131klar\u0131n\u0131 i\u015faretlemesi suretiyle kendisine g\u00f6nderilecek linkte belirtilen toplam \u00fccreti a\u015fa\u011f\u0131daki \u015fekilde \u00f6demesigerekmektedir.<\/p>\n\n\n\n<p>3.1.a. M\u00fc\u015fteri, kendisine g\u00f6nderilen linkte belirtilen \u00d6N \u00d6DEME miktar\u0131n\u0131 Acente\u2019nin ilgili sitede belirtti\u011fi \u015fekilde Acente\u2019nin kendi banka hesab\u0131na yat\u0131racakt\u0131r. Acente taraf\u0131ndan faturaland\u0131r\u0131lmakla m\u00fckellef olunan miktar bu miktar kadard\u0131r.<\/p>\n\n\n\n<p>3.2. M\u00fc\u015fteri, geri kalan \u00f6demeyi Ev\u2019 e giri\u015fte Ev Sahibi\u2019nin belirtece\u011fi banka hesab\u0131na yat\u0131rmakla<\/p>\n\n\n\n<p>mesuld\u00fcr. Ev\u2019e giri\u015fte ilgili ki\u015fiye veya Ev Sahibine belirtilen miktarda depozito \u00f6demesi yap\u0131l\u0131r. Bu \u00f6deme herhangi bir hasar olmad\u0131\u011f\u0131 s\u00fcrece \u00e7\u0131k\u0131\u015fta aynen M\u00fc\u015fteri\u2019ye iade edilir. Hasar yukar\u0131da belirtilen \u00fccreti ge\u00e7erse, bu \u00fccreti Ev Sahibi\u2019nin veya Acente\u2019nin m\u00fc\u015fteriden talep etme hakk\u0131 sakl\u0131d\u0131r.<\/p>\n\n\n\n<ol start=\"4\"><li><strong>\u0130PTAL HALLER\u0130 VE S\u00dcRELER<\/strong><\/li><\/ol>\n\n\n\n<p><strong>4.1.<\/strong> \u00d6nceden \u00f6ng\u00f6remeyece\u011fi ve istenmeyen haller nedeniyle yapm\u0131\u015f oldu\u011fu rezervasyonunu iptal etmesi durumunda Ev\u2019e giri\u015f tarihinden en az 15 g\u00fcn \u00f6nce Acente\u2019ye durumu bildirmesi gerekir. Bu durumda Acente\u2019ye \u00f6denmi\u015f olan rezervasyon \u00fccreti geri iade edilmeyecektir.<\/p>\n\n\n\n<p><strong>4.2. <\/strong>M\u00fc\u015fteri, konaklama ba\u015flang\u0131\u00e7 tarihine 5 ile 15 g\u00fcn aras\u0131 bir s\u00fcre varken iptal bildirimi yaparsa Ev\u2019in geri kalan toplam konaklama \u00fccretinin %50\u2019sini \u00f6demekle y\u00fck\u00fcml\u00fcd\u00fcr.<\/p>\n\n\n\n<p><strong>4.3.<\/strong> M\u00fc\u015fteri, konaklama ba\u015flang\u0131\u00e7 tarihine 0 ile 5 g\u00fcn aras\u0131 bir s\u00fcre varken iptal bildirimi yaparsa veya hi\u00e7 bildirim yapmadan tatilini iptal ederse Ev\u2019in geri kalan toplam konaklama \u00fccretinin %100\u2019\u00fcn\u00fc \u00f6demekle y\u00fck\u00fcml\u00fcd\u00fcr.<\/p>\n\n\n\n<ol start=\"5\"><li><strong>D\u0130\u011eER H\u00dcK\u00dcMLER<\/strong><\/li><\/ol>\n\n\n\n<p><strong>5.1<\/strong>. Bu s\u00f6zle\u015fme, 6502 say\u0131l\u0131 T\u00fcketicilerin Korunmas\u0131 Hakk\u0131ndaki Kanun ile bu kanuna dayan\u0131larak \u00e7\u0131kart\u0131lan Mesafeli S\u00f6zle\u015fmeler Y\u00f6netmeli\u011fi h\u00fck\u00fcmleri gere\u011fince taraflar\u0131n hak ve y\u00fck\u00fcml\u00fcl\u00fcklerini kapsamakta olup i\u015f bu \u00d6N B\u0130LG\u0130LEND\u0130RME FORMUNU KABUL ETMEKLE M\u00dc\u015eTER\u0130, S\u00d6ZLE\u015eMEYE KONU KONAKLAMA H\u0130ZMET\u0130 SATIN ALIMI \u0130\u015eLEM\u0130N\u0130 ONAYLADI\u011eINI, GEREKL\u0130 \u015eARTLARIN GER\u00c7EKLE\u015eMES\u0130 HAL\u0130NDE ALIM KONUSU BEDEL\u0130 VE BEL\u0130RT\u0130LEN EK \u00dcCRETLER\u0130 \u00d6DEME Y\u00dcK\u00dcML\u00dcL\u00dc\u011e\u00dc ALTINA G\u0130RECE\u011e\u0130N\u0130 VE BU KONUDA B\u0130LG\u0130LEND\u0130R\u0130LD\u0130\u011e\u0130N\u0130 PE\u015e\u0130NEN KABUL EDER.<\/p>\n\n\n\n<p><strong>5.2. <\/strong>Taraflarca i\u015fbu s\u00f6zle\u015fme online \u015fekilde imzalanm\u0131\u015f say\u0131lmakta ise de taraflar\u0131n s\u00f6zle\u015fmeyi tekrar okumak i\u00e7in bast\u0131rmalar\u0131na karar verilmi\u015ftir.<\/p>\n\n\n\n<p><strong>5.3. <\/strong>\u0130htilaf oldu\u011fu takdirde anla\u015fmazl\u0131\u011f\u0131n \u00e7\u00f6z\u00fclmesi i\u00e7in K\u00f6yce\u011fiz Mahkeme ve \u0130cra Daireleri yetkilidir.<\/p>\n","protected":false},"excerpt":{"rendered":"<p>TURKISH \u00d6N B\u0130LG\u0130LEND\u0130RME FORMU TARAFLAR 1.1. ACENTE \u00d6ZAY TUR\u0130ZM EMLAK \u0130N\u015eAAT VE T\u0130C. LTD.\u015eT\u0130.Adres: Ulucami mh. Emeksiz cad. no:8 K\u00f6yce\u011fiz\/MU\u011eLATel: 0 (530) 242 90 83e-Posta: info@ayakligol.comMersis No: 631 065 1523T\u00dcRSAB A S\u0131n\u0131f\u0131 Acente Belge No: 3968 1.2. M\u00dc\u015eTER\u0130 Kimlik bilgileri ilgili web sayfas\u0131ndan online doldurularak bilgilerin do\u011frulu\u011fu beyan ve taahh\u00fct edilmi\u015f olan ki\u015fi 1.3. Mesafeli &hellip; <a href=\"https:\/\/www.ayakligol.com\/en-gb\/sozlesme-sartlari\/\" class=\"more-link\">Continue reading<span class=\"screen-reader-text\"> &#8220;Contract Terms&#8221;<\/span><\/a><\/p>\n","protected":false},"author":1,"featured_media":0,"parent":0,"menu_order":0,"comment_status":"closed","ping_status":"closed","template":"","meta":[],"amp_enabled":true,"_links":{"self":[{"href":"https:\/\/www.ayakligol.com\/en-gb\/wp-json\/wp\/v2\/pages\/538"}],"collection":[{"href":"https:\/\/www.ayakligol.com\/en-gb\/wp-json\/wp\/v2\/pages"}],"about":[{"href":"https:\/\/www.ayakligol.com\/en-gb\/wp-json\/wp\/v2\/types\/page"}],"author":[{"embeddable":true,"href":"https:\/\/www.ayakligol.com\/en-gb\/wp-json\/wp\/v2\/users\/1"}],"replies":[{"embeddable":true,"href":"https:\/\/www.ayakligol.com\/en-gb\/wp-json\/wp\/v2\/comments?post=538"}],"version-history":[{"count":1,"href":"https:\/\/www.ayakligol.com\/en-gb\/wp-json\/wp\/v2\/pages\/538\/revisions"}],"predecessor-version":[{"id":4976,"href":"https:\/\/www.ayakligol.com\/en-gb\/wp-json\/wp\/v2\/pages\/538\/revisions\/4976"}],"wp:attachment":[{"href":"https:\/\/www.ayakligol.com\/en-gb\/wp-json\/wp\/v2\/media?parent=538"}],"curies":[{"name":"wp","href":"https:\/\/api.w.org\/{rel}","templated":true}]}}