{"id":561,"date":"2021-05-06T18:28:59","date_gmt":"2021-05-06T15:28:59","guid":{"rendered":"https:\/\/ayakligol.com\/en-gb\/?page_id=561"},"modified":"2025-03-08T15:13:08","modified_gmt":"2025-03-08T12:13:08","slug":"temelhizmetler","status":"publish","type":"page","link":"https:\/\/www.ayakligol.com\/en-gb\/temelhizmetler\/","title":{"rendered":"Services"},"content":{"rendered":"\n<p>The distinguished restaurant of the K\u00f6yce\u011fiz Kordon, Ayakl\u0131 G\u00f6l, has started to serve Villa Tourism, to bring a new breath with its unique style.<\/p>\n\n\n\n<blockquote class=\"wp-block-quote\"><p>Our goal is to combine what we have learned from our previous experience in hostel, hotel, and restaurant management with our Tursab Class A Travel Agency Certificate and present a one-day Villa Rental understanding that emphasises luxurious&nbsp;service.<\/p><\/blockquote>\n\n\n\n<p>With the pandemic, we are living in a time where our perspective on life has shifted and working from home has become more popular. P eople who live in cities are more likely to choose to work in homes with a garden, a pool, and comfortable working conditions. Similar to this, there is a widespread desire for two or three families to come together and spend their vacation in a beautiful villa, as well as company administrators, teachers, and working groups from different institutions who want to spend their vacation as a crowded squad. Therefore, we observed&nbsp;an increased demand&nbsp;to rent villas with suitable facilities and price. These shifting demands and circumstances have influenced our perspective.<\/p>\n\n\n\n<p>As a result, we put plenty&nbsp;of desks in our houses, we have a smooth internet connection, and we converted&nbsp;our terraces into study rooms. Also , our pandemic-related hygiene and treatment, such as spraying and cleaning our homes as soon as they are empty and leaving the house one day before taking on a new tenant, is a product of adaptations to the latest circumstances.&nbsp;<\/p>\n\n\n\n<p>We&#8217;d like to emphasize that we considered&nbsp;several details that will maximize the luxury and comfort in our homes. We can assume that the part of our business up to this point is the situations that the agencies that do a standard villa rental business already have to comply with and do. However,&nbsp;our approach to the matter will be different in that we will include a complete tourism operation, including agency, hotel management, restaurant management, trekking, yoga, spa, and transportation services.<\/p>\n\n\n\n<p>The following are the services that we can provide in this regard, along with their&nbsp;reasoning:<\/p>\n\n\n\n<p>One of the priorities of families who rent villas, apartments and houses on holiday (unfortunately) is that women in particular have to work on vacation. So it is nice to have a holiday with a crowded family and friends, but this is the food, dishes etc. To simplify this problem, we&nbsp;made a catering agreement with our subsidiary Ayakl\u0131&nbsp;G\u00f6l Restaurant. So, if you&#8217;d like, we can arrange for your table to be set.&nbsp;<\/p>\n\n\n\n<p>We wanted you to have rented a house with a maid and a doorman when you rented the Ayakl\u0131 G\u00f6l&nbsp;Houses.<\/p>\n\n\n\n<p>Concierge service is one of the services we will provide in this context. We can deliver any shopping you want,&nbsp;to your house once a day. A service fee of 10% of your invoice&nbsp;will be written as the price of this service.<\/p>\n\n\n\n<p>You can have your house cleaned at any time as long as you notify us one day ahead of time. The cost of cleaning our house is 150 lira.&nbsp;<\/p>\n\n\n\n<p>&nbsp;We also provide laundry and ironing services. Each piece of iron costs 5 TL.<\/p>\n\n\n\n<p>On our website, we have created two barbecue points for you to use. You can make your own barbecue at these locations if you wish. You can also use our cafeteria&#8217;s barbecue service if you wish. The cost of cooking is 10 TL per product.<\/p>\n\n\n\n<p>We have established a cafeteria by the pool where you and your children can have a snack and drink hot and cold drinks. Our cafeteria starts operating at 10:00 every day. It closes at 12.00 at night.<\/p>\n\n\n\n<p>Our cafeteria also provides consultancy services. If you encounter any problems at home, or if you want information about activities to be carried out in the area, or for many other issues, you can get into touch. The contact number is: 0 542 640 95 31<\/p>\n\n\n\n<p>You can receive a 20% discount on your service charge in our restaurant, Ayakl\u0131 G\u00f6l, which is located in K\u00f6yce\u011fiz Kordon.<\/p>\n\n\n\n<p>You can also get a 10% discount at Aheste boutique in K\u00f6yce\u011fiz Kordon, which stands out with its bohemian clothing style.<\/p>\n\n\n\n<p>There are many Yoga and Ayurveda teachers living in K\u00f6yce\u011fiz. Together they established a formation called Devak\u00f6y and thanks to them, K\u00f6yce\u011fiz is on its way to becoming an international yoga center. Devak\u00f6y is our business partner and is located at the end of our facility. Therefore, it is possible to practice yoga with, and receive massages from them.&nbsp;<\/p>\n\n\n\n<p>You can take a boat tour with our own boat, which is anchored in K\u00f6yce\u011fiz Lake.<\/p>\n\n\n\n<blockquote class=\"wp-block-quote\"><p>K\u00f6yce\u011fiz is a region of natural wonders. With its sea, lake, streams, trees, and location, it&#8217;s an ideal location for all types of activity involving nature and water sports. In this regard, we collaborated with the \u00d6zg\u00fcr Rota travel agency. The activities you can do with the free route are as follows:<\/p><\/blockquote>\n\n\n\n<p><strong>PARAGLIDING: <\/strong>Fethiye Baba Mountain You can have a unique experience that lasts 30 minutes from 1960 meters and take pictures of the performance you will not forget.<\/p>\n\n\n\n<p><strong> RAFTING:<\/strong> In Dalaman Stream, you can experience an incredible river adventure for 16 km and a full day, enjoy the magnificent view and cool off in the heat of summer.<\/p>\n\n\n\n<p><strong>CANO:<\/strong> You can have a full day experience by canoe in Dalyan channels or in G\u00f6cek bays.<\/p>\n\n\n\n<p><strong>BICYCLE:<\/strong> You can find yourself in unique visual beauty by proceeding on 740 km &#8216;The Eco Trails&#8217; cycling routes marked and mapped in K\u00f6yce\u011fiz, Ortaca, Dalaman region.<\/p>\n\n\n\n<p><strong>TRACKING TO THE NATURE:<\/strong> You can find yourself in unique visual beauty by proceeding on the 470 km trekking routes The Eco Trails marked and mapped in K\u00f6yce\u011fiz, Ortaca, Dalaman regions.<\/p>\n\n\n\n<p><strong> DIVING (SCUBADIVE)<\/strong>: You can have a fantastic underwater adventure that lasts a full day in Fethiye bays or Dalyan, and you can have an unforgettable experience.<\/p>\n\n\n\n<p><strong> BOAT TOUR<\/strong>: You can have a pleasant experience with a daily boat tour in K\u00f6yce\u011fiz moving Dalyan, Sultaniye Hot Springs, \u0130ztuzu beach or G\u00f6cek moving Dodecanese Islands.<\/p>\n\n\n\n<p><strong>JEEP SAFARI:<\/strong> You can reach view points with off road experience; With water battles, you can experience a day full of fun, adrenaline and adventure.<\/p>\n\n\n\n<p><strong>WIND SURF &#8211; KITE BOARD:<\/strong> You can take lessons from expert instructors in the world-famous G\u00f6kova, and let yourself into the wind and waves by renting materials.<\/p>\n\n\n\n<p><strong>BAZAAR:<\/strong> K\u00f6yce\u011fiz &#8216;Peasant Bazaar&#8217; established once a week, and the &#8216;Second Hand Market&#8217; established once a month, attracts the attention of the people of the region and tourists.<\/p>\n\n\n\n<p><strong>BEACHES AND BAYS SUITABLE TO ENTER THE SEA:<\/strong> Ekincik, Iztuzu, Karg\u0131cak, Ak\u00e7abal\u0131k, Inard\u0131, \u015eeytanc\u0131k, Vaccine, Sar\u0131germe, Dalaman, Kayac\u0131k, Alayurt, Lakoz, G\u00f6kgemile, A\u011fa harbor, G\u00f6b\u00fcn, Sarirsli, Yavansu, Kur\u015funlu, Kuyrucakla, Ta\u015fyaka, Kille, Selmin, Osmana\u011fa, \u0130nlice, Te\u011fnelli, Karakum, Scream, Journal.<\/p>\n\n\n\n<p><strong>NATURAL BEAUTIES AND NATURAL ASSETS FROM VEGETABLE COVER, GEOGRAPHICAL STRUCTURE AND HEIGHT: <\/strong>K\u00f6yce\u011fiz Lake, Kocag\u00f6l, Alag\u00f6l, S\u00fcl\u00fcng\u00fcr Lake, \u0130ztuzu Lake, S\u00fcl\u00fckl\u00fc Lake, G\u00f6k\u00e7eova Lake and Dalyan lagoon; Kepez canyon and Yuvarlak\u00e7ay canyon; \u00c7i\u00e7ekbaba, Play, \u00d6lemez, Eren, Nuri Baba and K\u0131z\u0131lda\u011f; Sweetgum forests.<\/p>\n\n\n\n<p><strong>LANDSCAPE, THERMAL, WATERFALL AND CAVES:<\/strong> Namnam Tea, Round Tea, Dalaman Tea, Dalyan Tea; Sultaniye hot springs, Kokargirme, Fevziye and Kapukargin hot springs with sulfur; Shirlar waterfall, G\u00f6kbel Alanba\u015f\u0131 waterfall, G\u00f6cek Suu\u00e7tu waterfall, Yang\u0131 Ak\u00e7ay waterfall; K\u0131rcagedre and Kocain caves.<\/p>\n\n\n\n<p><strong>WE PROVIDE OUR EXPERT TEAM WITH AN ACTIVITY ORGANIZER FOR YOU AND YOUR GROUP, INCLUDING AIRPORT AND ALL VEHICLE TRANSFERS, DAILY BEACH TRANSFERS, AND OPTIONAL PROGRAMS.<\/strong><\/p>\n\n\n\n<p><\/p>\n\n\n\n<div class=\"wp-block-image is-style-default\"><figure class=\"aligncenter size-large is-resized\"><a href=\"http:\/\/ozgurota.com\"><img decoding=\"async\" loading=\"lazy\" src=\"https:\/\/ayakligol.com\/wp-content\/uploads\/2021\/05\/logoooo1.jpg\" alt=\"\" class=\"wp-image-578\" width=\"290\" height=\"121\"\/><\/a><figcaption>Aktiviteler i\u00e7in \u00c7\u00f6z\u00fcm Orta\u011f\u0131m\u0131z: \u00d6zg\u00fcr Rota <\/figcaption><\/figure><\/div>\n","protected":false},"excerpt":{"rendered":"<p>The distinguished restaurant of the K\u00f6yce\u011fiz Kordon, Ayakl\u0131 G\u00f6l, has started to serve Villa Tourism, to bring a new breath with its unique style. Our goal is to combine what we have learned from our previous experience in hostel, hotel, and restaurant management with our Tursab Class A Travel Agency Certificate and present a one-day &hellip; <a href=\"https:\/\/www.ayakligol.com\/en-gb\/temelhizmetler\/\" class=\"more-link\">Continue reading<span class=\"screen-reader-text\"> &#8220;Services&#8221;<\/span><\/a><\/p>\n","protected":false},"author":1,"featured_media":303,"parent":0,"menu_order":0,"comment_status":"closed","ping_status":"closed","template":"","meta":[],"amp_enabled":true,"_links":{"self":[{"href":"https:\/\/www.ayakligol.com\/en-gb\/wp-json\/wp\/v2\/pages\/561"}],"collection":[{"href":"https:\/\/www.ayakligol.com\/en-gb\/wp-json\/wp\/v2\/pages"}],"about":[{"href":"https:\/\/www.ayakligol.com\/en-gb\/wp-json\/wp\/v2\/types\/page"}],"author":[{"embeddable":true,"href":"https:\/\/www.ayakligol.com\/en-gb\/wp-json\/wp\/v2\/users\/1"}],"replies":[{"embeddable":true,"href":"https:\/\/www.ayakligol.com\/en-gb\/wp-json\/wp\/v2\/comments?post=561"}],"version-history":[{"count":1,"href":"https:\/\/www.ayakligol.com\/en-gb\/wp-json\/wp\/v2\/pages\/561\/revisions"}],"predecessor-version":[{"id":5320,"href":"https:\/\/www.ayakligol.com\/en-gb\/wp-json\/wp\/v2\/pages\/561\/revisions\/5320"}],"wp:featuredmedia":[{"embeddable":true,"href":"https:\/\/www.ayakligol.com\/en-gb\/wp-json\/wp\/v2\/media\/303"}],"wp:attachment":[{"href":"https:\/\/www.ayakligol.com\/en-gb\/wp-json\/wp\/v2\/media?parent=561"}],"curies":[{"name":"wp","href":"https:\/\/api.w.org\/{rel}","templated":true}]}}