{"id":566,"date":"2021-05-06T18:36:52","date_gmt":"2021-05-06T15:36:52","guid":{"rendered":"https:\/\/ayakligol.com\/en-gb\/?page_id=566"},"modified":"2022-04-11T13:07:22","modified_gmt":"2022-04-11T10:07:22","slug":"temelaktiviteler","status":"publish","type":"page","link":"https:\/\/www.ayakligol.com\/en-gb\/temelaktiviteler\/","title":{"rendered":"Activities"},"content":{"rendered":"\n<blockquote class=\"wp-block-quote\"><p><strong>K\u00f6yce\u011fiz is a region of natural wonders. With its sea, lake, streams, trees, and location, it&#8217;s an ideal location for all types of activity involving nature and water sports. In this regard, we collaborated with the \u00d6zg\u00fcr Rota travel agency. The activities you can do with the free route are as follows:<\/strong><\/p><\/blockquote>\n\n\n\n<p class=\"has-text-align-center\"><strong>ACTIVITIES THAT CAN BE DONE IN THE REGION <\/strong><br><\/p>\n\n\n\n<p><strong>PARAGLIDING:<\/strong> Fethiye Baba Mountain You can have a unique experience that lasts 30 minutes from 1960 meters and take pictures of the performance you will not forget.<\/p>\n\n\n\n<p><strong>RAFTING:<\/strong> In Dalaman Stream, you can experience an incredible river adventure for 16 km and a full day, enjoy the magnificent view and cool off in the heat of summer.<\/p>\n\n\n\n<p><strong>CANO:<\/strong> You can have a full day experience by canoe in Dalyan channels or in G\u00f6cek bays.<\/p>\n\n\n\n<p><strong>BICYCLE (BICYCLE):<\/strong> You can find yourself in unique visual beauty by proceeding on 740 km &#8216;The Eco Trails&#8217; cycling routes marked and mapped in K\u00f6yce\u011fiz, Ortaca, Dalaman region.<\/p>\n\n\n\n<p><strong>TRACKING TO THE NATURE:<\/strong> You can find yourself in unique visual beauty by proceeding on the 470 km trekking routes The Eco Trails marked and mapped in K\u00f6yce\u011fiz, Ortaca, Dalaman regions.<\/p>\n\n\n\n<p><strong>DIVING (SCUBADIVE):<\/strong> You can have a fantastic underwater adventure that lasts a full day in Fethiye bays or Dalyan, and you can have an unforgettable experience.<\/p>\n\n\n\n<p><strong>BOAT TOUR:<\/strong> You can have a pleasant experience with a daily boat tour in K\u00f6yce\u011fiz moving Dalyan, Sultaniye Hot Springs, \u0130ztuzu beach or G\u00f6cek moving Dodecanese Islands.<\/p>\n\n\n\n<p><strong>JEEP SAFARI:<\/strong> You can reach view points with off road experience; With water battles, you can experience a day full of fun, adrenaline and adventure.<\/p>\n\n\n\n<p><strong>WIND SURF &#8211; KITE BOARD:<\/strong> You can take lessons from expert instructors in the world-famous G\u00f6kova, and let yourself into the wind and waves by renting materials.<\/p>\n\n\n\n<p><strong>BAZAAR:<\/strong> K\u00f6yce\u011fiz &#8216;Peasant Bazaar&#8217; established once a week, and the &#8216;Second Hand Market&#8217; established once a month, attracts the attention of the people of the region and tourists.<\/p>\n\n\n\n<p>BEACHES AND BAYS SUITABLE TO ENTER THE SEA: Ekincik, Iztuzu, Karg\u0131cak, Ak\u00e7abal\u0131k, Inard\u0131, \u015eeytanc\u0131k, Vaccine, Sar\u0131germe, Dalaman, Kayac\u0131k, Alayurt, Lakoz, G\u00f6kgemile, A\u011fa harbor, G\u00f6b\u00fcn, Sarirsli, Yavansu, Kur\u015funlu, Kuyrucakla, Ta\u015fyaka, Kille, Selmin, Osmana\u011fa, \u0130nlice, Te\u011fnelli, Karakum, Scream, Journal.<\/p>\n\n\n\n<p><strong>NATURAL BEAUTIES AND NATURAL ASSETS FROM VEGETABLE COVER, GEOGRAPHICAL STRUCTURE AND HEIGHT: <\/strong>K\u00f6yce\u011fiz Lake, Kocag\u00f6l, Alag\u00f6l, S\u00fcl\u00fcng\u00fcr Lake, \u0130ztuzu Lake, S\u00fcl\u00fckl\u00fc Lake, G\u00f6k\u00e7eova Lake and Dalyan lagoon; Kepez canyon and Yuvarlak\u00e7ay canyon; \u00c7i\u00e7ekbaba, Play, \u00d6lemez, Eren, Nuri Baba and K\u0131z\u0131lda\u011f; Sweetgum forests.<\/p>\n\n\n\n<p><strong>LANDSCAPE, THERMAL, WATERFALL AND CAVES:<\/strong> Namnam Tea, Round Tea, Dalaman Tea, Dalyan Tea; Sultaniye hot springs, Kokargirme, Fevziye and Kapukargin hot springs with sulfur; Shirlar waterfall, G\u00f6kbel Alanba\u015f\u0131 waterfall, G\u00f6cek Suu\u00e7tu waterfall, Yang\u0131 Ak\u00e7ay waterfall; K\u0131rcagedre and Kocain caves.<\/p>\n\n\n\n<p><strong>WE PROVIDE OUR EXPERT TEAM WITH AN ACTIVITY ORGANIZER FOR YOU AND YOUR GROUP, INCLUDING AIRPORT AND ALL VEHICLE TRANSFERS, DAILY BEACH TRANSFERS, AND OPTIONAL PROGRAMS<\/strong>.<\/p>\n\n\n\n<div class=\"wp-block-image is-style-default\"><figure class=\"aligncenter size-large is-resized\"><a href=\"http:\/\/ozgurota.com\"><img decoding=\"async\" loading=\"lazy\" src=\"https:\/\/ayakligol.com\/wp-content\/uploads\/2021\/05\/logoooo1.jpg\" alt=\"\" class=\"wp-image-578\" width=\"290\" height=\"121\"\/><\/a><figcaption>Aktiviteler i\u00e7in \u00c7\u00f6z\u00fcm Orta\u011f\u0131m\u0131z: \u00d6zg\u00fcr Rota <\/figcaption><\/figure><\/div>\n\n\n\n<p><\/p>\n\n\n\n<p><\/p>\n","protected":false},"excerpt":{"rendered":"<p>K\u00f6yce\u011fiz is a region of natural wonders. With its sea, lake, streams, trees, and location, it&#8217;s an ideal location for all types of activity involving nature and water sports. In this regard, we collaborated with the \u00d6zg\u00fcr Rota travel agency. The activities you can do with the free route are as follows: ACTIVITIES THAT CAN &hellip; <a href=\"https:\/\/www.ayakligol.com\/en-gb\/temelaktiviteler\/\" class=\"more-link\">Continue reading<span class=\"screen-reader-text\"> &#8220;Activities&#8221;<\/span><\/a><\/p>\n","protected":false},"author":1,"featured_media":0,"parent":0,"menu_order":0,"comment_status":"closed","ping_status":"closed","template":"","meta":[],"amp_enabled":true,"_links":{"self":[{"href":"https:\/\/www.ayakligol.com\/en-gb\/wp-json\/wp\/v2\/pages\/566"}],"collection":[{"href":"https:\/\/www.ayakligol.com\/en-gb\/wp-json\/wp\/v2\/pages"}],"about":[{"href":"https:\/\/www.ayakligol.com\/en-gb\/wp-json\/wp\/v2\/types\/page"}],"author":[{"embeddable":true,"href":"https:\/\/www.ayakligol.com\/en-gb\/wp-json\/wp\/v2\/users\/1"}],"replies":[{"embeddable":true,"href":"https:\/\/www.ayakligol.com\/en-gb\/wp-json\/wp\/v2\/comments?post=566"}],"version-history":[{"count":0,"href":"https:\/\/www.ayakligol.com\/en-gb\/wp-json\/wp\/v2\/pages\/566\/revisions"}],"wp:attachment":[{"href":"https:\/\/www.ayakligol.com\/en-gb\/wp-json\/wp\/v2\/media?parent=566"}],"curies":[{"name":"wp","href":"https:\/\/api.w.org\/{rel}","templated":true}]}}