{"id":851,"date":"2021-05-24T15:29:13","date_gmt":"2021-05-24T12:29:13","guid":{"rendered":"https:\/\/ayakligol.com\/?page_id=851"},"modified":"2021-05-24T15:29:48","modified_gmt":"2021-05-24T12:29:48","slug":"bilgilendirme-brosuru","status":"publish","type":"page","link":"https:\/\/www.ayakligol.com\/en-gb\/bilgilendirme-brosuru\/","title":{"rendered":"Bilgilendirme Bro\u015f\u00fcr\u00fc"},"content":{"rendered":"\n<div class=\"real3dflipbook\" id=\"1\" ><\/div>\n","protected":false},"excerpt":{"rendered":"","protected":false},"author":1,"featured_media":0,"parent":0,"menu_order":0,"comment_status":"closed","ping_status":"closed","template":"elementor_canvas","meta":[],"amp_enabled":true,"_links":{"self":[{"href":"https:\/\/www.ayakligol.com\/en-gb\/wp-json\/wp\/v2\/pages\/851"}],"collection":[{"href":"https:\/\/www.ayakligol.com\/en-gb\/wp-json\/wp\/v2\/pages"}],"about":[{"href":"https:\/\/www.ayakligol.com\/en-gb\/wp-json\/wp\/v2\/types\/page"}],"author":[{"embeddable":true,"href":"https:\/\/www.ayakligol.com\/en-gb\/wp-json\/wp\/v2\/users\/1"}],"replies":[{"embeddable":true,"href":"https:\/\/www.ayakligol.com\/en-gb\/wp-json\/wp\/v2\/comments?post=851"}],"version-history":[{"count":0,"href":"https:\/\/www.ayakligol.com\/en-gb\/wp-json\/wp\/v2\/pages\/851\/revisions"}],"wp:attachment":[{"href":"https:\/\/www.ayakligol.com\/en-gb\/wp-json\/wp\/v2\/media?parent=851"}],"curies":[{"name":"wp","href":"https:\/\/api.w.org\/{rel}","templated":true}]}}